{"id":66,"date":"2023-07-18T19:10:59","date_gmt":"2023-07-18T19:10:59","guid":{"rendered":"https:\/\/brino.es\/?page_id=66"},"modified":"2023-07-18T19:44:36","modified_gmt":"2023-07-18T19:44:36","slug":"quienes-somos","status":"publish","type":"page","link":"https:\/\/brino.es\/?page_id=66","title":{"rendered":"Qui\u00e9nes Somos"},"content":{"rendered":"\n<p>Brino nace en <strong>1990<\/strong> en la agradable localidad costera de Calafell para brindar a sus clientes una selecci\u00f3n de ropa y complementos casual y atractiva con una excelente relaci\u00f3n calidad-precio. Tras m\u00e1s de <strong>30 a\u00f1os<\/strong> de experiencia, hemos logrado una l\u00ednea de moda clara y decidida tanto para \u00c9l como para Ella. Hemos mejorado la selecci\u00f3n de nuestras prendas, nos hemos especializado en bolsos y lo que parec\u00eda imposible; hemos ajustado todav\u00eda m\u00e1s los precios. Actualmente tocamos una amplia gama de productos tanto de Mujer como de Hombre:<\/p>\n\n\n\n<div class=\"wp-block-group is-vertical is-layout-flex wp-container-core-group-is-layout-8cf370e7 wp-block-group-is-layout-flex\">\n<p>-Ropa.<\/p>\n\n\n\n<p>-Bolsos, mochilas y complementos.                <\/p>\n\n\n\n<p>-Bisuter\u00eda.<\/p>\n\n\n\n<p>-Ropa interior (s\u00f3lo Hombre).<\/p>\n<\/div>\n\n\n\n<p><\/p>\n\n\n\n<p>En <strong>2007<\/strong> inauguramos <strong>Brino.Casa<\/strong> y nos embarcamos en el excitante mundo de la decoraci\u00f3n y el menaje para el hogar, enfocando nuestra l\u00ednea en estilos como el Shabby Chic o el Navy (N\u00e1utico), entre otros, representados en una amplia gama de m\u00e1s de 10.000 art\u00edculos de temporada divididos en las siguientes secciones:<\/p>\n\n\n\n<div class=\"wp-block-group is-vertical is-layout-flex wp-container-core-group-is-layout-8cf370e7 wp-block-group-is-layout-flex\">\n<p>-Decoraci\u00f3n.<\/p>\n\n\n\n<p>-Cuadros.<\/p>\n\n\n\n<p>-Jardiner\u00eda.<\/p>\n\n\n\n<p>-Cocina.<\/p>\n\n\n\n<p>-Mueble auxiliar.<\/p>\n\n\n\n<p>-Alfombras y cojines.<\/p>\n\n\n\n<p>-Merchandising de Cine y Anime.<\/p>\n<\/div>\n\n\n\n<p><\/p>\n\n\n\n<p>Si\u00e9ntete libre de navegar por nuestra web y no dudes en ponerte en contacto con nosotros.<\/p>\n","protected":false},"excerpt":{"rendered":"<p>Brino nace en 1990 en la agradable localidad costera de Calafell para brindar a sus clientes una selecci\u00f3n de ropa y complementos casual y atractiva con una excelente relaci\u00f3n calidad-precio. Tras m\u00e1s de 30 a\u00f1os de experiencia, hemos logrado una l\u00ednea de moda clara y decidida tanto para \u00c9l como para Ella. Hemos mejorado la &hellip; <\/p>\n","protected":false},"author":1,"featured_media":0,"parent":0,"menu_order":0,"comment_status":"closed","ping_status":"closed","template":"","meta":{"footnotes":""},"class_list":["post-66","page","type-page","status-publish","hentry"],"_links":{"self":[{"href":"https:\/\/brino.es\/index.php?rest_route=\/wp\/v2\/pages\/66","targetHints":{"allow":["GET"]}}],"collection":[{"href":"https:\/\/brino.es\/index.php?rest_route=\/wp\/v2\/pages"}],"about":[{"href":"https:\/\/brino.es\/index.php?rest_route=\/wp\/v2\/types\/page"}],"author":[{"embeddable":true,"href":"https:\/\/brino.es\/index.php?rest_route=\/wp\/v2\/users\/1"}],"replies":[{"embeddable":true,"href":"https:\/\/brino.es\/index.php?rest_route=%2Fwp%2Fv2%2Fcomments&post=66"}],"version-history":[{"count":10,"href":"https:\/\/brino.es\/index.php?rest_route=\/wp\/v2\/pages\/66\/revisions"}],"predecessor-version":[{"id":96,"href":"https:\/\/brino.es\/index.php?rest_route=\/wp\/v2\/pages\/66\/revisions\/96"}],"wp:attachment":[{"href":"https:\/\/brino.es\/index.php?rest_route=%2Fwp%2Fv2%2Fmedia&parent=66"}],"curies":[{"name":"wp","href":"https:\/\/api.w.org\/{rel}","templated":true}]}}