{"id":97,"date":"2023-07-18T19:50:51","date_gmt":"2023-07-18T19:50:51","guid":{"rendered":"https:\/\/brino.es\/?page_id=97"},"modified":"2023-07-20T12:27:18","modified_gmt":"2023-07-20T12:27:18","slug":"hogar-y-decoracion","status":"publish","type":"page","link":"https:\/\/brino.es\/?page_id=97","title":{"rendered":"Hogar y Decoraci\u00f3n"},"content":{"rendered":"\n<p>En <strong>BRINO.CASA<\/strong> disponemos de una amplia gama de productos para el hogar distribuidos en secciones como:<\/p>\n\n\n\n<p>&#8211;<strong>Decoraci\u00f3n<\/strong>. Amplia colecci\u00f3n de centros de mesa, figuras, jarrones y muchos, muchos portafotos de todas las medidas.<\/p>\n\n\n\n<p>&#8211;<strong>Cuadros y espejos<\/strong>. Enorme colecci\u00f3n de cuadros de todos los tama\u00f1os que incluye una l\u00ednea dedicada a artistas locales.<\/p>\n\n\n\n<p>&#8211;<strong>Muebles auxiliares<\/strong>. Distintas colecciones entre las que destacan el estilo <em>Shabby Chic<\/em> y el <em>Provenzal<\/em>. Mueble recibidor, de TV, mesitas de noche y c\u00f3modas.<\/p>\n\n\n\n<p>&#8211;<strong>Iluminaci\u00f3n<\/strong>. Amplia variedad de l\u00e1mparas de base distribuidas por colecciones.<\/p>\n\n\n\n<p>&#8211;<strong>Cocina<\/strong>. Todo lo que necesitas para una cocina, destacando nuestras complet\u00edsimas vajillas y cuberter\u00edas.<\/p>\n\n\n\n<p>&#8211;<strong>Ba\u00f1o<\/strong>. Todo lo necesario para un ba\u00f1o unificado, con colecciones a juego, desde alfombras de ba\u00f1o, cestos y toallas, hasta bandejas y dosificadores de ba\u00f1o.<\/p>\n\n\n\n<p>&#8211;<strong>Jardiner\u00eda<\/strong>. Amplia selecci\u00f3n de flores artificiales de aspecto ultrarrealista.<\/p>\n\n\n\n<p>&#8211;<strong>Textil para el hogar<\/strong>. Variedad de cojines de todos los estilos y selecci\u00f3n limitada de ropa de cama, alfombras y felpudos.<\/p>\n\n\n\n<p>&#8211;<strong>Merchandising de Cine y Anime<\/strong>. Peque\u00f1a selecci\u00f3n de figuras, c\u00f3mics y Blu-Rays.<\/p>\n","protected":false},"excerpt":{"rendered":"<p>En BRINO.CASA disponemos de una amplia gama de productos para el hogar distribuidos en secciones como: &#8211;Decoraci\u00f3n. Amplia colecci\u00f3n de centros de mesa, figuras, jarrones y muchos, muchos portafotos de todas las medidas. &#8211;Cuadros y espejos. Enorme colecci\u00f3n de cuadros de todos los tama\u00f1os que incluye una l\u00ednea dedicada a artistas locales. &#8211;Muebles auxiliares. Distintas &hellip; <\/p>\n","protected":false},"author":1,"featured_media":0,"parent":0,"menu_order":0,"comment_status":"closed","ping_status":"closed","template":"","meta":{"footnotes":""},"class_list":["post-97","page","type-page","status-publish","hentry"],"_links":{"self":[{"href":"https:\/\/brino.es\/index.php?rest_route=\/wp\/v2\/pages\/97","targetHints":{"allow":["GET"]}}],"collection":[{"href":"https:\/\/brino.es\/index.php?rest_route=\/wp\/v2\/pages"}],"about":[{"href":"https:\/\/brino.es\/index.php?rest_route=\/wp\/v2\/types\/page"}],"author":[{"embeddable":true,"href":"https:\/\/brino.es\/index.php?rest_route=\/wp\/v2\/users\/1"}],"replies":[{"embeddable":true,"href":"https:\/\/brino.es\/index.php?rest_route=%2Fwp%2Fv2%2Fcomments&post=97"}],"version-history":[{"count":4,"href":"https:\/\/brino.es\/index.php?rest_route=\/wp\/v2\/pages\/97\/revisions"}],"predecessor-version":[{"id":111,"href":"https:\/\/brino.es\/index.php?rest_route=\/wp\/v2\/pages\/97\/revisions\/111"}],"wp:attachment":[{"href":"https:\/\/brino.es\/index.php?rest_route=%2Fwp%2Fv2%2Fmedia&parent=97"}],"curies":[{"name":"wp","href":"https:\/\/api.w.org\/{rel}","templated":true}]}}